{"id":59,"date":"2021-10-13T20:51:36","date_gmt":"2021-10-13T20:51:36","guid":{"rendered":"https:\/\/www.gltp.at\/?page_id=59"},"modified":"2023-02-11T23:25:56","modified_gmt":"2023-02-11T22:25:56","slug":"impressum","status":"publish","type":"page","link":"http:\/\/www.gltp.at\/en\/impressum\/","title":{"rendered":"Imprint"},"content":{"rendered":"<div data-elementor-type=\"wp-page\" data-elementor-id=\"59\" class=\"elementor elementor-59\" data-elementor-post-type=\"page\">\n\t\t\t\t\t\t<section class=\"elementor-section elementor-top-section elementor-element elementor-element-541b386 elementor-section-boxed elementor-section-height-default elementor-section-height-default\" data-id=\"541b386\" data-element_type=\"section\">\n\t\t\t\t\t\t<div class=\"elementor-container elementor-column-gap-default\">\n\t\t\t\t\t<div class=\"elementor-column elementor-col-100 elementor-top-column elementor-element elementor-element-78dd1fe\" data-id=\"78dd1fe\" data-element_type=\"column\">\n\t\t\t<div class=\"elementor-widget-wrap elementor-element-populated\">\n\t\t\t\t\t\t<div class=\"elementor-element elementor-element-cf8fe8f elementor-widget elementor-widget-breadcrumbs\" data-id=\"cf8fe8f\" data-element_type=\"widget\" data-widget_type=\"breadcrumbs.default\">\n\t\t\t\t<div class=\"elementor-widget-container\">\n\t\t\t\t\t<p id=\"breadcrumbs\"><span><span><a href=\"https:\/\/www.gltp.at\/en\/\">Home<\/a><\/span><\/span><\/p>\t\t\t\t<\/div>\n\t\t\t\t<\/div>\n\t\t\t\t\t<\/div>\n\t\t<\/div>\n\t\t\t\t\t<\/div>\n\t\t<\/section>\n\t\t\t\t<section class=\"elementor-section elementor-top-section elementor-element elementor-element-632b620 elementor-section-boxed elementor-section-height-default elementor-section-height-default\" data-id=\"632b620\" data-element_type=\"section\">\n\t\t\t\t\t\t<div class=\"elementor-container elementor-column-gap-default\">\n\t\t\t\t\t<div class=\"elementor-column elementor-col-100 elementor-top-column elementor-element elementor-element-0fd23f7\" data-id=\"0fd23f7\" data-element_type=\"column\">\n\t\t\t<div class=\"elementor-widget-wrap elementor-element-populated\">\n\t\t\t\t\t\t<div class=\"elementor-element elementor-element-4c64dc0 elementor-widget elementor-widget-heading\" data-id=\"4c64dc0\" data-element_type=\"widget\" data-widget_type=\"heading.default\">\n\t\t\t\t<div class=\"elementor-widget-container\">\n\t\t\t\t\t<h2 class=\"elementor-heading-title elementor-size-default\">Imprint<\/h2>\t\t\t\t<\/div>\n\t\t\t\t<\/div>\n\t\t\t\t\t<\/div>\n\t\t<\/div>\n\t\t\t\t\t<\/div>\n\t\t<\/section>\n\t\t\t\t<section class=\"elementor-section elementor-top-section elementor-element elementor-element-0a710c8 elementor-section-boxed elementor-section-height-default elementor-section-height-default\" data-id=\"0a710c8\" data-element_type=\"section\">\n\t\t\t\t\t\t<div class=\"elementor-container elementor-column-gap-default\">\n\t\t\t\t\t<div class=\"elementor-column elementor-col-100 elementor-top-column elementor-element elementor-element-28af764\" data-id=\"28af764\" data-element_type=\"column\">\n\t\t\t<div class=\"elementor-widget-wrap elementor-element-populated\">\n\t\t\t\t\t\t<div class=\"elementor-element elementor-element-a127670 elementor-widget elementor-widget-text-editor\" data-id=\"a127670\" data-element_type=\"widget\" data-widget_type=\"text-editor.default\">\n\t\t\t\t<div class=\"elementor-widget-container\">\n\t\t\t\t\t\t\t\t\t<p>Offenlegung gem\u00e4\u00df \u00a7 5 E-Commerce-Gesetz und \u00a7\u00a7 24f Mediengesetz:<\/p><p>Rechtsanw\u00e4lte Grassner, Lenz, Thewanger &amp; Partner<br \/>S\u00fcdtirolerstra\u00dfe 4-6, 4020 Linz, \u00d6sterreich<br \/>Tel: +43 732 770815-0<br \/>E-Mail: office@gltp.at<br \/>Firmenbuchnummer: FN 140793z, Landesgericht Linz<br \/>Ober\u00f6sterreichische Rechtsanwaltskammer, \u00d6sterreich<br \/>Wir sind \u00f6sterreichische Rechtsanw\u00e4lte und \u00fcben die Rechtsanwaltschaft gem\u00e4\u00df den einschl\u00e4gigen gesetzlichen Bestimmungen aus. Die berufsrechtlichen Vorschriften (Rechtsanwaltsordnung, RL-BA etc.) sind abrufbar unter:<br \/><a href=\"http:\/\/www.rechtsanw\u00e4lte.at\" target=\"_blank\" rel=\"noopener\">www.rechtsanwaelte.at.<\/a><br \/>Umsatzsteuer-Identifikationsnummer: ATU 23139501<\/p><p>Fotos:<a href=\"https:\/\/antjewolm.com\/\" target=\"_blank\" rel=\"noopener\">Antje Wolm<\/a><\/p>\t\t\t\t\t\t\t\t<\/div>\n\t\t\t\t<\/div>\n\t\t\t\t\t<\/div>\n\t\t<\/div>\n\t\t\t\t\t<\/div>\n\t\t<\/section>\n\t\t\t\t<section class=\"elementor-section elementor-top-section elementor-element elementor-element-7920a68 elementor-section-boxed elementor-section-height-default elementor-section-height-default\" data-id=\"7920a68\" data-element_type=\"section\">\n\t\t\t\t\t\t<div class=\"elementor-container elementor-column-gap-default\">\n\t\t\t\t\t<div class=\"elementor-column elementor-col-100 elementor-top-column elementor-element elementor-element-d2023b0\" data-id=\"d2023b0\" data-element_type=\"column\">\n\t\t\t<div class=\"elementor-widget-wrap elementor-element-populated\">\n\t\t\t\t\t\t<div class=\"elementor-element elementor-element-080a44b elementor-hidden-tablet elementor-hidden-mobile elementor-widget elementor-widget-spacer\" data-id=\"080a44b\" data-element_type=\"widget\" data-widget_type=\"spacer.default\">\n\t\t\t\t<div class=\"elementor-widget-container\">\n\t\t\t\t\t\t\t<div class=\"elementor-spacer\">\n\t\t\t<div class=\"elementor-spacer-inner\"><\/div>\n\t\t<\/div>\n\t\t\t\t\t\t<\/div>\n\t\t\t\t<\/div>\n\t\t\t\t\t<\/div>\n\t\t<\/div>\n\t\t\t\t\t<\/div>\n\t\t<\/section>\n\t\t\t\t<\/div>","protected":false},"excerpt":{"rendered":"<p>Impressum Offenlegung gem\u00e4\u00df \u00a7 5 E-Commerce-Gesetz und \u00a7\u00a7 24f Mediengesetz: Rechtsanw\u00e4lte Grassner, Lenz, Thewanger &amp; PartnerS\u00fcdtirolerstra\u00dfe 4-6, 4020 Linz, \u00d6sterreichTel: +43 732 770815-0E-Mail: office@gltp.atFirmenbuchnummer: FN 140793z, Landesgericht LinzOber\u00f6sterreichische Rechtsanwaltskammer, \u00d6sterreichWir sind \u00f6sterreichische Rechtsanw\u00e4lte und \u00fcben die Rechtsanwaltschaft gem\u00e4\u00df den einschl\u00e4gigen gesetzlichen Bestimmungen aus. Die berufsrechtlichen Vorschriften (Rechtsanwaltsordnung, RL-BA etc.) sind abrufbar unter:www.rechtsanwaelte.at.Umsatzsteuer-Identifikationsnummer: ATU 23139501 Fotos:Antje [&hellip;]<\/p>\n","protected":false},"author":1,"featured_media":0,"parent":0,"menu_order":0,"comment_status":"closed","ping_status":"closed","template":"","meta":{"site-sidebar-layout":"no-sidebar","site-content-layout":"page-builder","ast-site-content-layout":"","site-content-style":"default","site-sidebar-style":"default","ast-global-header-display":"","ast-banner-title-visibility":"","ast-main-header-display":"","ast-hfb-above-header-display":"","ast-hfb-below-header-display":"","ast-hfb-mobile-header-display":"","site-post-title":"disabled","ast-breadcrumbs-content":"","ast-featured-img":"disabled","footer-sml-layout":"","theme-transparent-header-meta":"","adv-header-id-meta":"","stick-header-meta":"","header-above-stick-meta":"","header-main-stick-meta":"","header-below-stick-meta":"","astra-migrate-meta-layouts":"default","ast-page-background-enabled":"default","ast-page-background-meta":{"desktop":{"background-color":"var(--ast-global-color-4)","background-image":"","background-repeat":"repeat","background-position":"center center","background-size":"auto","background-attachment":"scroll","background-type":"","background-media":"","overlay-type":"","overlay-color":"","overlay-gradient":""},"tablet":{"background-color":"","background-image":"","background-repeat":"repeat","background-position":"center center","background-size":"auto","background-attachment":"scroll","background-type":"","background-media":"","overlay-type":"","overlay-color":"","overlay-gradient":""},"mobile":{"background-color":"","background-image":"","background-repeat":"repeat","background-position":"center center","background-size":"auto","background-attachment":"scroll","background-type":"","background-media":"","overlay-type":"","overlay-color":"","overlay-gradient":""}},"ast-content-background-meta":{"desktop":{"background-color":"var(--ast-global-color-5)","background-image":"","background-repeat":"repeat","background-position":"center center","background-size":"auto","background-attachment":"scroll","background-type":"","background-media":"","overlay-type":"","overlay-color":"","overlay-gradient":""},"tablet":{"background-color":"var(--ast-global-color-5)","background-image":"","background-repeat":"repeat","background-position":"center center","background-size":"auto","background-attachment":"scroll","background-type":"","background-media":"","overlay-type":"","overlay-color":"","overlay-gradient":""},"mobile":{"background-color":"var(--ast-global-color-5)","background-image":"","background-repeat":"repeat","background-position":"center center","background-size":"auto","background-attachment":"scroll","background-type":"","background-media":"","overlay-type":"","overlay-color":"","overlay-gradient":""}},"footnotes":""},"class_list":["post-59","page","type-page","status-publish","hentry"],"yoast_head":"<!-- This site is optimized with the Yoast SEO plugin v27.1.1 - https:\/\/yoast.com\/product\/yoast-seo-wordpress\/ -->\n<title>Impressum - GLTP Rechtsanw\u00e4lte Grassner, Lenz, Thewanger &amp; Partner<\/title>\n<meta name=\"robots\" content=\"index, follow, max-snippet:-1, max-image-preview:large, max-video-preview:-1\" \/>\n<link rel=\"canonical\" href=\"https:\/\/www.gltp.at\/en\/impressum\/\" \/>\n<meta property=\"og:locale\" content=\"en_GB\" \/>\n<meta property=\"og:type\" content=\"article\" \/>\n<meta property=\"og:title\" content=\"Impressum - GLTP Rechtsanw\u00e4lte Grassner, Lenz, Thewanger &amp; Partner\" \/>\n<meta property=\"og:description\" content=\"Impressum Offenlegung gem\u00e4\u00df \u00a7 5 E-Commerce-Gesetz und \u00a7\u00a7 24f Mediengesetz: Rechtsanw\u00e4lte Grassner, Lenz, Thewanger &amp; PartnerS\u00fcdtirolerstra\u00dfe 4-6, 4020 Linz, \u00d6sterreichTel: +43 732 770815-0E-Mail: office@gltp.atFirmenbuchnummer: FN 140793z, Landesgericht LinzOber\u00f6sterreichische Rechtsanwaltskammer, \u00d6sterreichWir sind \u00f6sterreichische Rechtsanw\u00e4lte und \u00fcben die Rechtsanwaltschaft gem\u00e4\u00df den einschl\u00e4gigen gesetzlichen Bestimmungen aus. Die berufsrechtlichen Vorschriften (Rechtsanwaltsordnung, RL-BA etc.) sind abrufbar unter:www.rechtsanwaelte.at.Umsatzsteuer-Identifikationsnummer: ATU 23139501 Fotos:Antje [&hellip;]\" \/>\n<meta property=\"og:url\" content=\"https:\/\/www.gltp.at\/en\/impressum\/\" \/>\n<meta property=\"og:site_name\" content=\"GLTP Rechtsanw\u00e4lte Grassner, Lenz, Thewanger &amp; Partner\" \/>\n<meta property=\"article:modified_time\" content=\"2023-02-11T22:25:56+00:00\" \/>\n<meta name=\"twitter:card\" content=\"summary_large_image\" \/>\n<script type=\"application\/ld+json\" class=\"yoast-schema-graph\">{\"@context\":\"https:\/\/schema.org\",\"@graph\":[{\"@type\":\"WebPage\",\"@id\":\"https:\/\/www.gltp.at\/impressum\/\",\"url\":\"https:\/\/www.gltp.at\/impressum\/\",\"name\":\"Impressum - GLTP Rechtsanw\u00e4lte Grassner, Lenz, Thewanger &amp; Partner\",\"isPartOf\":{\"@id\":\"https:\/\/www.gltp.at\/#website\"},\"datePublished\":\"2021-10-13T20:51:36+00:00\",\"dateModified\":\"2023-02-11T22:25:56+00:00\",\"breadcrumb\":{\"@id\":\"https:\/\/www.gltp.at\/impressum\/#breadcrumb\"},\"inLanguage\":\"en-GB\",\"potentialAction\":[{\"@type\":\"ReadAction\",\"target\":[\"https:\/\/www.gltp.at\/impressum\/\"]}]},{\"@type\":\"BreadcrumbList\",\"@id\":\"https:\/\/www.gltp.at\/impressum\/#breadcrumb\",\"itemListElement\":[{\"@type\":\"ListItem\",\"position\":1,\"name\":\"Startseite\",\"item\":\"https:\/\/www.gltp.at\/\"},{\"@type\":\"ListItem\",\"position\":2,\"name\":\"Impressum\"}]},{\"@type\":\"WebSite\",\"@id\":\"https:\/\/www.gltp.at\/#website\",\"url\":\"https:\/\/www.gltp.at\/\",\"name\":\"GLTP Rechtsanw\u00e4lte Grassner, Lenz, Thewanger &amp; Partner\",\"description\":\"Rechtsanw\u00e4lte | Attorneys at Law - Ihre Wirtschaftskanzlei in Linz und Steyr.\",\"publisher\":{\"@id\":\"https:\/\/www.gltp.at\/#organization\"},\"potentialAction\":[{\"@type\":\"SearchAction\",\"target\":{\"@type\":\"EntryPoint\",\"urlTemplate\":\"https:\/\/www.gltp.at\/?s={search_term_string}\"},\"query-input\":{\"@type\":\"PropertyValueSpecification\",\"valueRequired\":true,\"valueName\":\"search_term_string\"}}],\"inLanguage\":\"en-GB\"},{\"@type\":\"Organization\",\"@id\":\"https:\/\/www.gltp.at\/#organization\",\"name\":\"Rechtsanw\u00e4lte Grassner, Lenz, Thewanger & Partner\",\"alternateName\":\"GLTP Rechtsanw\u00e4lte\",\"url\":\"https:\/\/www.gltp.at\/\",\"logo\":{\"@type\":\"ImageObject\",\"inLanguage\":\"en-GB\",\"@id\":\"https:\/\/www.gltp.at\/#\/schema\/logo\/image\/\",\"url\":\"https:\/\/www.gltp.at\/wp-content\/uploads\/2022\/02\/cropped-cropped-GLTPLOGO.png\",\"contentUrl\":\"https:\/\/www.gltp.at\/wp-content\/uploads\/2022\/02\/cropped-cropped-GLTPLOGO.png\",\"width\":1913,\"height\":265,\"caption\":\"Rechtsanw\u00e4lte Grassner, Lenz, Thewanger & Partner\"},\"image\":{\"@id\":\"https:\/\/www.gltp.at\/#\/schema\/logo\/image\/\"},\"sameAs\":[\"https:\/\/www.linkedin.com\/company\/rechtsanwlte-gltp\/\"]}]}<\/script>\n<!-- \/ Yoast SEO plugin. -->","yoast_head_json":{"title":"Impressum - GLTP Rechtsanw\u00e4lte Grassner, Lenz, Thewanger &amp; Partner","robots":{"index":"index","follow":"follow","max-snippet":"max-snippet:-1","max-image-preview":"max-image-preview:large","max-video-preview":"max-video-preview:-1"},"canonical":"https:\/\/www.gltp.at\/en\/impressum\/","og_locale":"en_GB","og_type":"article","og_title":"Impressum - GLTP Rechtsanw\u00e4lte Grassner, Lenz, Thewanger &amp; Partner","og_description":"Impressum Offenlegung gem\u00e4\u00df \u00a7 5 E-Commerce-Gesetz und \u00a7\u00a7 24f Mediengesetz: Rechtsanw\u00e4lte Grassner, Lenz, Thewanger &amp; PartnerS\u00fcdtirolerstra\u00dfe 4-6, 4020 Linz, \u00d6sterreichTel: +43 732 770815-0E-Mail: office@gltp.atFirmenbuchnummer: FN 140793z, Landesgericht LinzOber\u00f6sterreichische Rechtsanwaltskammer, \u00d6sterreichWir sind \u00f6sterreichische Rechtsanw\u00e4lte und \u00fcben die Rechtsanwaltschaft gem\u00e4\u00df den einschl\u00e4gigen gesetzlichen Bestimmungen aus. Die berufsrechtlichen Vorschriften (Rechtsanwaltsordnung, RL-BA etc.) sind abrufbar unter:www.rechtsanwaelte.at.Umsatzsteuer-Identifikationsnummer: ATU 23139501 Fotos:Antje [&hellip;]","og_url":"https:\/\/www.gltp.at\/en\/impressum\/","og_site_name":"GLTP Rechtsanw\u00e4lte Grassner, Lenz, Thewanger &amp; Partner","article_modified_time":"2023-02-11T22:25:56+00:00","twitter_card":"summary_large_image","schema":{"@context":"https:\/\/schema.org","@graph":[{"@type":"WebPage","@id":"https:\/\/www.gltp.at\/impressum\/","url":"https:\/\/www.gltp.at\/impressum\/","name":"Impressum - GLTP Rechtsanw\u00e4lte Grassner, Lenz, Thewanger &amp; Partner","isPartOf":{"@id":"https:\/\/www.gltp.at\/#website"},"datePublished":"2021-10-13T20:51:36+00:00","dateModified":"2023-02-11T22:25:56+00:00","breadcrumb":{"@id":"https:\/\/www.gltp.at\/impressum\/#breadcrumb"},"inLanguage":"en-GB","potentialAction":[{"@type":"ReadAction","target":["https:\/\/www.gltp.at\/impressum\/"]}]},{"@type":"BreadcrumbList","@id":"https:\/\/www.gltp.at\/impressum\/#breadcrumb","itemListElement":[{"@type":"ListItem","position":1,"name":"Startseite","item":"https:\/\/www.gltp.at\/"},{"@type":"ListItem","position":2,"name":"Impressum"}]},{"@type":"WebSite","@id":"https:\/\/www.gltp.at\/#website","url":"https:\/\/www.gltp.at\/","name":"GLTP Rechtsanw\u00e4lte Grassner, Lenz, Thewanger &amp; Partner","description":"Rechtsanw\u00e4lte | Attorneys at Law - Ihre Wirtschaftskanzlei in Linz und Steyr.","publisher":{"@id":"https:\/\/www.gltp.at\/#organization"},"potentialAction":[{"@type":"SearchAction","target":{"@type":"EntryPoint","urlTemplate":"https:\/\/www.gltp.at\/?s={search_term_string}"},"query-input":{"@type":"PropertyValueSpecification","valueRequired":true,"valueName":"search_term_string"}}],"inLanguage":"en-GB"},{"@type":"Organization","@id":"https:\/\/www.gltp.at\/#organization","name":"Rechtsanw\u00e4lte Grassner, Lenz, Thewanger & Partner","alternateName":"GLTP Rechtsanw\u00e4lte","url":"https:\/\/www.gltp.at\/","logo":{"@type":"ImageObject","inLanguage":"en-GB","@id":"https:\/\/www.gltp.at\/#\/schema\/logo\/image\/","url":"https:\/\/www.gltp.at\/wp-content\/uploads\/2022\/02\/cropped-cropped-GLTPLOGO.png","contentUrl":"https:\/\/www.gltp.at\/wp-content\/uploads\/2022\/02\/cropped-cropped-GLTPLOGO.png","width":1913,"height":265,"caption":"Rechtsanw\u00e4lte Grassner, Lenz, Thewanger & Partner"},"image":{"@id":"https:\/\/www.gltp.at\/#\/schema\/logo\/image\/"},"sameAs":["https:\/\/www.linkedin.com\/company\/rechtsanwlte-gltp\/"]}]}},"_links":{"self":[{"href":"http:\/\/www.gltp.at\/en\/wp-json\/wp\/v2\/pages\/59","targetHints":{"allow":["GET"]}}],"collection":[{"href":"http:\/\/www.gltp.at\/en\/wp-json\/wp\/v2\/pages"}],"about":[{"href":"http:\/\/www.gltp.at\/en\/wp-json\/wp\/v2\/types\/page"}],"author":[{"embeddable":true,"href":"http:\/\/www.gltp.at\/en\/wp-json\/wp\/v2\/users\/1"}],"replies":[{"embeddable":true,"href":"http:\/\/www.gltp.at\/en\/wp-json\/wp\/v2\/comments?post=59"}],"version-history":[{"count":49,"href":"http:\/\/www.gltp.at\/en\/wp-json\/wp\/v2\/pages\/59\/revisions"}],"predecessor-version":[{"id":6588,"href":"http:\/\/www.gltp.at\/en\/wp-json\/wp\/v2\/pages\/59\/revisions\/6588"}],"wp:attachment":[{"href":"http:\/\/www.gltp.at\/en\/wp-json\/wp\/v2\/media?parent=59"}],"curies":[{"name":"wp","href":"https:\/\/api.w.org\/{rel}","templated":true}]}}