{"id":3095,"date":"2022-02-08T22:07:21","date_gmt":"2022-02-08T21:07:21","guid":{"rendered":"https:\/\/www.gltp.at\/?page_id=3095"},"modified":"2024-01-08T19:13:51","modified_gmt":"2024-01-08T18:13:51","slug":"lenz","status":"publish","type":"page","link":"https:\/\/www.gltp.at\/en\/team\/lenz\/","title":{"rendered":"Lenz"},"content":{"rendered":"<div data-elementor-type=\"wp-page\" data-elementor-id=\"3095\" class=\"elementor elementor-3095\" data-elementor-post-type=\"page\">\n\t\t\t\t\t\t<section class=\"elementor-section elementor-top-section elementor-element elementor-element-1d9ff46d elementor-section-boxed elementor-section-height-default elementor-section-height-default\" data-id=\"1d9ff46d\" data-element_type=\"section\">\n\t\t\t\t\t\t<div class=\"elementor-container elementor-column-gap-default\">\n\t\t\t\t\t<div class=\"elementor-column elementor-col-100 elementor-top-column elementor-element elementor-element-25051fa3\" data-id=\"25051fa3\" data-element_type=\"column\">\n\t\t\t<div class=\"elementor-widget-wrap elementor-element-populated\">\n\t\t\t\t\t\t<div class=\"elementor-element elementor-element-2365ba5a elementor-widget elementor-widget-breadcrumbs\" data-id=\"2365ba5a\" data-element_type=\"widget\" data-widget_type=\"breadcrumbs.default\">\n\t\t\t\t<div class=\"elementor-widget-container\">\n\t\t\t\t\t<p id=\"breadcrumbs\"><span><span><a href=\"https:\/\/www.gltp.at\/en\/\">Home<\/a><\/span><\/span><\/p>\t\t\t\t<\/div>\n\t\t\t\t<\/div>\n\t\t\t\t\t<\/div>\n\t\t<\/div>\n\t\t\t\t\t<\/div>\n\t\t<\/section>\n\t\t\t\t<section class=\"elementor-section elementor-top-section elementor-element elementor-element-a0bc647 elementor-section-boxed elementor-section-height-default elementor-section-height-default\" data-id=\"a0bc647\" data-element_type=\"section\">\n\t\t\t\t\t\t<div class=\"elementor-container elementor-column-gap-default\">\n\t\t\t\t\t<div class=\"elementor-column elementor-col-100 elementor-top-column elementor-element elementor-element-45ec0c8\" data-id=\"45ec0c8\" data-element_type=\"column\">\n\t\t\t<div class=\"elementor-widget-wrap elementor-element-populated\">\n\t\t\t\t\t\t<div class=\"elementor-element elementor-element-27a1958 elementor-widget elementor-widget-html\" data-id=\"27a1958\" data-element_type=\"widget\" data-widget_type=\"html.default\">\n\t\t\t\t<div class=\"elementor-widget-container\">\n\t\t\t\t\t<script type=\"application\/ld+json\">\r\n{\r\n  \"@context\": \"http:\/\/schema.org\",\r\n  \"@type\": \"Person\",\r\n  \"name\": \"Dr. Helmut Lenz\",\r\n  \"jobTitle\": \"Rechtsanwalt\",\r\n  \"url\": \"https:\/\/www.gltp.at\/team\/lenz\/\",\r\n  \"image\": \"https:\/\/www.gltp.at\/wp-content\/uploads\/2022\/12\/Dr_Lenz.jpg\",\r\n  \"telephone\": \"0043732770815\",\r\n  \"email\": \"office@gltp.at\"\r\n}\r\n<\/script>\t\t\t\t<\/div>\n\t\t\t\t<\/div>\n\t\t\t\t\t<\/div>\n\t\t<\/div>\n\t\t\t\t\t<\/div>\n\t\t<\/section>\n\t\t\t\t<section class=\"elementor-section elementor-top-section elementor-element elementor-element-204a289a elementor-section-boxed elementor-section-height-default elementor-section-height-default\" data-id=\"204a289a\" data-element_type=\"section\">\n\t\t\t\t\t\t<div class=\"elementor-container elementor-column-gap-default\">\n\t\t\t\t\t<div class=\"elementor-column elementor-col-100 elementor-top-column elementor-element elementor-element-5bdffd28\" data-id=\"5bdffd28\" data-element_type=\"column\">\n\t\t\t<div class=\"elementor-widget-wrap elementor-element-populated\">\n\t\t\t\t\t\t<div class=\"elementor-element elementor-element-2c502f9e elementor-widget__width-initial elementor-widget-mobile__width-inherit elementor-widget elementor-widget-heading\" data-id=\"2c502f9e\" data-element_type=\"widget\" data-widget_type=\"heading.default\">\n\t\t\t\t<div class=\"elementor-widget-container\">\n\t\t\t\t\t<h2 class=\"elementor-heading-title elementor-size-default\"><b>Dr. Helmut Lenz<\/b><\/h2>\t\t\t\t<\/div>\n\t\t\t\t<\/div>\n\t\t\t\t<div class=\"elementor-element elementor-element-6724d94c elementor-widget elementor-widget-heading\" data-id=\"6724d94c\" data-element_type=\"widget\" data-widget_type=\"heading.default\">\n\t\t\t\t<div class=\"elementor-widget-container\">\n\t\t\t\t\t<h5 class=\"elementor-heading-title elementor-size-default\">Retired attorney at law<\/h5>\t\t\t\t<\/div>\n\t\t\t\t<\/div>\n\t\t\t\t<div class=\"elementor-element elementor-element-4f5fc698 elementor-widget__width-initial elementor-widget-mobile__width-inherit elementor-widget elementor-widget-toggle\" data-id=\"4f5fc698\" data-element_type=\"widget\" data-widget_type=\"toggle.default\">\n\t\t\t\t<div class=\"elementor-widget-container\">\n\t\t\t\t\t\t\t<div class=\"elementor-toggle\">\n\t\t\t\t\t\t\t<div class=\"elementor-toggle-item\">\n\t\t\t\t\t<div id=\"elementor-tab-title-1331\" class=\"elementor-tab-title\" data-tab=\"1\" role=\"button\" aria-controls=\"elementor-tab-content-1331\" aria-expanded=\"false\">\n\t\t\t\t\t\t\t\t\t\t\t\t<span class=\"elementor-toggle-icon elementor-toggle-icon-left\" aria-hidden=\"true\">\n\t\t\t\t\t\t\t\t\t\t\t\t\t\t\t<span class=\"elementor-toggle-icon-closed\"><svg class=\"e-font-icon-svg e-fas-caret-right\" viewbox=\"0 0 192 512\" xmlns=\"http:\/\/www.w3.org\/2000\/svg\"><path d=\"M0 384.662V127.338c0-17.818 21.543-26.741 34.142-14.142l128.662 128.662c7.81 7.81 7.81 20.474 0 28.284L34.142 398.804C21.543 411.404 0 402.48 0 384.662z\"><\/path><\/svg><\/span>\n\t\t\t\t\t\t\t\t<span class=\"elementor-toggle-icon-opened\"><svg class=\"elementor-toggle-icon-opened e-font-icon-svg e-fas-caret-down\" viewbox=\"0 0 320 512\" xmlns=\"http:\/\/www.w3.org\/2000\/svg\"><path d=\"M31.3 192h257.3c17.8 0 26.7 21.5 14.1 34.1L174.1 354.8c-7.8 7.8-20.5 7.8-28.3 0L17.2 226.1C4.6 213.5 13.5 192 31.3 192z\"><\/path><\/svg><\/span>\n\t\t\t\t\t\t\t\t\t\t\t\t\t<\/span>\n\t\t\t\t\t\t\t\t\t\t\t\t<a class=\"elementor-toggle-title\" tabindex=\"0\">Werdegang<\/a>\n\t\t\t\t\t<\/div>\n\n\t\t\t\t\t<div id=\"elementor-tab-content-1331\" class=\"elementor-tab-content elementor-clearfix\" data-tab=\"1\" role=\"region\" aria-labelledby=\"elementor-tab-title-1331\"><ul><li>geboren 1950<\/li><li>bei GLTP seit 1975<\/li><li>Rechtsanwalt seit 1980<\/li><li>Emeritierung per 31.12.2023<\/li><li>Doktor der Rechtswissenschaften, Universit\u00e4t Linz, \u00d6sterreich<\/li><li>Universit\u00e4tsassistent am Institut f\u00fcr Wirtschaftsrecht, Universit\u00e4t Linz 1972-1975<\/li><li>Mitglied des Ausschusses der O\u00d6 Rechtsanwaltskammer von 1985-2017<\/li><li>Pr\u00e4sident-Stellvertreter der O\u00d6 Rechtsanwaltskammer von 2013-2017<\/li><\/ul><\/div>\n\t\t\t\t<\/div>\n\t\t\t\t\t\t\t\t<\/div>\n\t\t\t\t\t\t<\/div>\n\t\t\t\t<\/div>\n\t\t\t\t<div class=\"elementor-element elementor-element-7c38b3fe elementor-widget__width-initial elementor-widget-mobile__width-inherit e-transform elementor-widget elementor-widget-image\" data-id=\"7c38b3fe\" data-element_type=\"widget\" data-settings=\"{&quot;_transform_translateX_effect&quot;:{&quot;unit&quot;:&quot;px&quot;,&quot;size&quot;:8,&quot;sizes&quot;:[]},&quot;_transform_translateX_effect_mobile&quot;:{&quot;unit&quot;:&quot;px&quot;,&quot;size&quot;:0,&quot;sizes&quot;:[]},&quot;_transform_translateY_effect&quot;:{&quot;unit&quot;:&quot;px&quot;,&quot;size&quot;:-85,&quot;sizes&quot;:[]},&quot;_transform_translateY_effect_mobile&quot;:{&quot;unit&quot;:&quot;px&quot;,&quot;size&quot;:0,&quot;sizes&quot;:[]},&quot;_transform_translateX_effect_tablet&quot;:{&quot;unit&quot;:&quot;px&quot;,&quot;size&quot;:&quot;&quot;,&quot;sizes&quot;:[]},&quot;_transform_translateY_effect_tablet&quot;:{&quot;unit&quot;:&quot;px&quot;,&quot;size&quot;:&quot;&quot;,&quot;sizes&quot;:[]}}\" data-widget_type=\"image.default\">\n\t\t\t\t<div class=\"elementor-widget-container\">\n\t\t\t\t\t\t\t\t\t\t\t\t\t\t\t<img fetchpriority=\"high\" decoding=\"async\" width=\"1200\" height=\"1800\" src=\"https:\/\/www.gltp.at\/wp-content\/uploads\/2022\/12\/Dr_Lenz.jpg\" class=\"attachment-full size-full wp-image-5297\" alt=\"Rechtsanwalt Dr. Helmut Lenz ist Experte im allgemeinen Zivilrecht, Familienrecht und Schadenersatzrecht.\" srcset=\"https:\/\/www.gltp.at\/wp-content\/uploads\/2022\/12\/Dr_Lenz.jpg 1200w, https:\/\/www.gltp.at\/wp-content\/uploads\/2022\/12\/Dr_Lenz-200x300.jpg 200w, https:\/\/www.gltp.at\/wp-content\/uploads\/2022\/12\/Dr_Lenz-683x1024.jpg 683w, https:\/\/www.gltp.at\/wp-content\/uploads\/2022\/12\/Dr_Lenz-768x1152.jpg 768w, https:\/\/www.gltp.at\/wp-content\/uploads\/2022\/12\/Dr_Lenz-1024x1536.jpg 1024w, https:\/\/www.gltp.at\/wp-content\/uploads\/2022\/12\/Dr_Lenz-8x12.jpg 8w\" sizes=\"(max-width: 1200px) 100vw, 1200px\" \/>\t\t\t\t\t\t\t\t\t\t\t\t\t\t\t<\/div>\n\t\t\t\t<\/div>\n\t\t\t\t\t<\/div>\n\t\t<\/div>\n\t\t\t\t\t<\/div>\n\t\t<\/section>\n\t\t\t\t<section class=\"elementor-section elementor-top-section elementor-element elementor-element-6ae3eeb2 elementor-section-boxed elementor-section-height-default elementor-section-height-default\" data-id=\"6ae3eeb2\" data-element_type=\"section\">\n\t\t\t\t\t\t<div class=\"elementor-container elementor-column-gap-default\">\n\t\t\t\t\t<div class=\"elementor-column elementor-col-100 elementor-top-column elementor-element elementor-element-1fcb2ffb\" data-id=\"1fcb2ffb\" data-element_type=\"column\">\n\t\t\t<div class=\"elementor-widget-wrap elementor-element-populated\">\n\t\t\t\t\t\t<div class=\"elementor-element elementor-element-1fc4337c elementor-hidden-mobile elementor-widget elementor-widget-spacer\" data-id=\"1fc4337c\" data-element_type=\"widget\" data-widget_type=\"spacer.default\">\n\t\t\t\t<div class=\"elementor-widget-container\">\n\t\t\t\t\t\t\t<div class=\"elementor-spacer\">\n\t\t\t<div class=\"elementor-spacer-inner\"><\/div>\n\t\t<\/div>\n\t\t\t\t\t\t<\/div>\n\t\t\t\t<\/div>\n\t\t\t\t\t<\/div>\n\t\t<\/div>\n\t\t\t\t\t<\/div>\n\t\t<\/section>\n\t\t\t\t<section class=\"elementor-section elementor-top-section elementor-element elementor-element-31578d4 elementor-section-boxed elementor-section-height-default elementor-section-height-default\" data-id=\"31578d4\" data-element_type=\"section\">\n\t\t\t\t\t\t<div class=\"elementor-container elementor-column-gap-default\">\n\t\t\t\t\t<div class=\"elementor-column elementor-col-100 elementor-top-column elementor-element elementor-element-4b97553\" data-id=\"4b97553\" data-element_type=\"column\">\n\t\t\t<div class=\"elementor-widget-wrap\">\n\t\t\t\t\t\t\t<\/div>\n\t\t<\/div>\n\t\t\t\t\t<\/div>\n\t\t<\/section>\n\t\t\t\t<\/div>","protected":false},"excerpt":{"rendered":"<p>Dr. Helmut Lenz Emeritierter Rechtsanwalt Werdegang geboren 1950 bei GLTP seit 1975 Rechtsanwalt seit 1980 Emeritierung per 31.12.2023 Doktor der Rechtswissenschaften, Universit\u00e4t Linz, \u00d6sterreich Universit\u00e4tsassistent am Institut f\u00fcr Wirtschaftsrecht, Universit\u00e4t Linz 1972-1975 Mitglied des Ausschusses der O\u00d6 Rechtsanwaltskammer von 1985-2017 Pr\u00e4sident-Stellvertreter der O\u00d6 Rechtsanwaltskammer von 2013-2017<\/p>","protected":false},"author":1,"featured_media":0,"parent":37,"menu_order":0,"comment_status":"closed","ping_status":"closed","template":"","meta":{"site-sidebar-layout":"no-sidebar","site-content-layout":"page-builder","ast-site-content-layout":"","site-content-style":"default","site-sidebar-style":"default","ast-global-header-display":"","ast-banner-title-visibility":"","ast-main-header-display":"","ast-hfb-above-header-display":"","ast-hfb-below-header-display":"","ast-hfb-mobile-header-display":"","site-post-title":"disabled","ast-breadcrumbs-content":"","ast-featured-img":"disabled","footer-sml-layout":"","theme-transparent-header-meta":"default","adv-header-id-meta":"","stick-header-meta":"","header-above-stick-meta":"","header-main-stick-meta":"","header-below-stick-meta":"","astra-migrate-meta-layouts":"default","ast-page-background-enabled":"default","ast-page-background-meta":{"desktop":{"background-color":"var(--ast-global-color-4)","background-image":"","background-repeat":"repeat","background-position":"center center","background-size":"auto","background-attachment":"scroll","background-type":"","background-media":"","overlay-type":"","overlay-color":"","overlay-gradient":""},"tablet":{"background-color":"","background-image":"","background-repeat":"repeat","background-position":"center center","background-size":"auto","background-attachment":"scroll","background-type":"","background-media":"","overlay-type":"","overlay-color":"","overlay-gradient":""},"mobile":{"background-color":"","background-image":"","background-repeat":"repeat","background-position":"center center","background-size":"auto","background-attachment":"scroll","background-type":"","background-media":"","overlay-type":"","overlay-color":"","overlay-gradient":""}},"ast-content-background-meta":{"desktop":{"background-color":"var(--ast-global-color-5)","background-image":"","background-repeat":"repeat","background-position":"center center","background-size":"auto","background-attachment":"scroll","background-type":"","background-media":"","overlay-type":"","overlay-color":"","overlay-gradient":""},"tablet":{"background-color":"var(--ast-global-color-5)","background-image":"","background-repeat":"repeat","background-position":"center center","background-size":"auto","background-attachment":"scroll","background-type":"","background-media":"","overlay-type":"","overlay-color":"","overlay-gradient":""},"mobile":{"background-color":"var(--ast-global-color-5)","background-image":"","background-repeat":"repeat","background-position":"center center","background-size":"auto","background-attachment":"scroll","background-type":"","background-media":"","overlay-type":"","overlay-color":"","overlay-gradient":""}},"footnotes":""},"class_list":["post-3095","page","type-page","status-publish","hentry"],"yoast_head":"<!-- This site is optimized with the Yoast SEO plugin v27.1.1 - https:\/\/yoast.com\/product\/yoast-seo-wordpress\/ -->\n<title>Lenz - GLTP Rechtsanw\u00e4lte Grassner, Lenz, Thewanger &amp; Partner<\/title>\n<meta name=\"description\" content=\"Dr. Helmut Lenz ist Rechtsanwalt und Partner bei Rechtsanw\u00e4lte Grassner, Lenz, Thewanger &amp; Partner.\" \/>\n<meta name=\"robots\" content=\"index, follow, max-snippet:-1, max-image-preview:large, max-video-preview:-1\" \/>\n<link rel=\"canonical\" href=\"https:\/\/www.gltp.at\/en\/team\/lenz\/\" \/>\n<meta property=\"og:locale\" content=\"en_GB\" \/>\n<meta property=\"og:type\" content=\"article\" \/>\n<meta property=\"og:title\" content=\"Lenz - GLTP Rechtsanw\u00e4lte Grassner, Lenz, Thewanger &amp; Partner\" \/>\n<meta property=\"og:description\" content=\"Dr. Helmut Lenz ist Rechtsanwalt und Partner bei Rechtsanw\u00e4lte Grassner, Lenz, Thewanger &amp; Partner.\" \/>\n<meta property=\"og:url\" content=\"https:\/\/www.gltp.at\/en\/team\/lenz\/\" \/>\n<meta property=\"og:site_name\" content=\"GLTP Rechtsanw\u00e4lte Grassner, Lenz, Thewanger &amp; Partner\" \/>\n<meta property=\"article:modified_time\" content=\"2024-01-08T18:13:51+00:00\" \/>\n<meta property=\"og:image\" content=\"https:\/\/www.gltp.at\/wp-content\/uploads\/2022\/12\/Dr_Lenz.jpg\" \/>\n<meta name=\"twitter:card\" content=\"summary_large_image\" \/>\n<meta name=\"twitter:label1\" content=\"Estimated reading time\" \/>\n\t<meta name=\"twitter:data1\" content=\"3 minutes\" \/>\n<script type=\"application\/ld+json\" class=\"yoast-schema-graph\">{\"@context\":\"https:\/\/schema.org\",\"@graph\":[{\"@type\":\"WebPage\",\"@id\":\"https:\/\/www.gltp.at\/team\/lenz\/\",\"url\":\"https:\/\/www.gltp.at\/team\/lenz\/\",\"name\":\"Lenz - GLTP Rechtsanw\u00e4lte Grassner, Lenz, Thewanger &amp; Partner\",\"isPartOf\":{\"@id\":\"https:\/\/www.gltp.at\/#website\"},\"primaryImageOfPage\":{\"@id\":\"https:\/\/www.gltp.at\/team\/lenz\/#primaryimage\"},\"image\":{\"@id\":\"https:\/\/www.gltp.at\/team\/lenz\/#primaryimage\"},\"thumbnailUrl\":\"https:\/\/www.gltp.at\/wp-content\/uploads\/2022\/12\/Dr_Lenz.jpg\",\"datePublished\":\"2022-02-08T21:07:21+00:00\",\"dateModified\":\"2024-01-08T18:13:51+00:00\",\"description\":\"Dr. Helmut Lenz ist Rechtsanwalt und Partner bei Rechtsanw\u00e4lte Grassner, Lenz, Thewanger & Partner.\",\"breadcrumb\":{\"@id\":\"https:\/\/www.gltp.at\/team\/lenz\/#breadcrumb\"},\"inLanguage\":\"en-GB\",\"potentialAction\":[{\"@type\":\"ReadAction\",\"target\":[\"https:\/\/www.gltp.at\/team\/lenz\/\"]}]},{\"@type\":\"ImageObject\",\"inLanguage\":\"en-GB\",\"@id\":\"https:\/\/www.gltp.at\/team\/lenz\/#primaryimage\",\"url\":\"https:\/\/www.gltp.at\/wp-content\/uploads\/2022\/12\/Dr_Lenz.jpg\",\"contentUrl\":\"https:\/\/www.gltp.at\/wp-content\/uploads\/2022\/12\/Dr_Lenz.jpg\"},{\"@type\":\"BreadcrumbList\",\"@id\":\"https:\/\/www.gltp.at\/team\/lenz\/#breadcrumb\",\"itemListElement\":[{\"@type\":\"ListItem\",\"position\":1,\"name\":\"Startseite\",\"item\":\"https:\/\/www.gltp.at\/\"},{\"@type\":\"ListItem\",\"position\":2,\"name\":\"Team\",\"item\":\"https:\/\/www.gltp.at\/team\/\"},{\"@type\":\"ListItem\",\"position\":3,\"name\":\"Lenz\"}]},{\"@type\":\"WebSite\",\"@id\":\"https:\/\/www.gltp.at\/#website\",\"url\":\"https:\/\/www.gltp.at\/\",\"name\":\"GLTP Rechtsanw\u00e4lte Grassner, Lenz, Thewanger &amp; Partner\",\"description\":\"Rechtsanw\u00e4lte | Attorneys at Law - Ihre Wirtschaftskanzlei in Linz und Steyr.\",\"publisher\":{\"@id\":\"https:\/\/www.gltp.at\/#organization\"},\"potentialAction\":[{\"@type\":\"SearchAction\",\"target\":{\"@type\":\"EntryPoint\",\"urlTemplate\":\"https:\/\/www.gltp.at\/?s={search_term_string}\"},\"query-input\":{\"@type\":\"PropertyValueSpecification\",\"valueRequired\":true,\"valueName\":\"search_term_string\"}}],\"inLanguage\":\"en-GB\"},{\"@type\":\"Organization\",\"@id\":\"https:\/\/www.gltp.at\/#organization\",\"name\":\"Rechtsanw\u00e4lte Grassner, Lenz, Thewanger & Partner\",\"alternateName\":\"GLTP Rechtsanw\u00e4lte\",\"url\":\"https:\/\/www.gltp.at\/\",\"logo\":{\"@type\":\"ImageObject\",\"inLanguage\":\"en-GB\",\"@id\":\"https:\/\/www.gltp.at\/#\/schema\/logo\/image\/\",\"url\":\"https:\/\/www.gltp.at\/wp-content\/uploads\/2022\/02\/cropped-cropped-GLTPLOGO.png\",\"contentUrl\":\"https:\/\/www.gltp.at\/wp-content\/uploads\/2022\/02\/cropped-cropped-GLTPLOGO.png\",\"width\":1913,\"height\":265,\"caption\":\"Rechtsanw\u00e4lte Grassner, Lenz, Thewanger & Partner\"},\"image\":{\"@id\":\"https:\/\/www.gltp.at\/#\/schema\/logo\/image\/\"},\"sameAs\":[\"https:\/\/www.linkedin.com\/company\/rechtsanwlte-gltp\/\"]}]}<\/script>\n<!-- \/ Yoast SEO plugin. -->","yoast_head_json":{"title":"Lenz - GLTP Rechtsanw\u00e4lte Grassner, Lenz, Thewanger &amp; Partner","description":"Dr. Helmut Lenz ist Rechtsanwalt und Partner bei Rechtsanw\u00e4lte Grassner, Lenz, Thewanger & Partner.","robots":{"index":"index","follow":"follow","max-snippet":"max-snippet:-1","max-image-preview":"max-image-preview:large","max-video-preview":"max-video-preview:-1"},"canonical":"https:\/\/www.gltp.at\/en\/team\/lenz\/","og_locale":"en_GB","og_type":"article","og_title":"Lenz - GLTP Rechtsanw\u00e4lte Grassner, Lenz, Thewanger &amp; Partner","og_description":"Dr. Helmut Lenz ist Rechtsanwalt und Partner bei Rechtsanw\u00e4lte Grassner, Lenz, Thewanger & Partner.","og_url":"https:\/\/www.gltp.at\/en\/team\/lenz\/","og_site_name":"GLTP Rechtsanw\u00e4lte Grassner, Lenz, Thewanger &amp; Partner","article_modified_time":"2024-01-08T18:13:51+00:00","og_image":[{"url":"https:\/\/www.gltp.at\/wp-content\/uploads\/2022\/12\/Dr_Lenz.jpg","type":"","width":"","height":""}],"twitter_card":"summary_large_image","twitter_misc":{"Estimated reading time":"3 minutes"},"schema":{"@context":"https:\/\/schema.org","@graph":[{"@type":"WebPage","@id":"https:\/\/www.gltp.at\/team\/lenz\/","url":"https:\/\/www.gltp.at\/team\/lenz\/","name":"Lenz - GLTP Rechtsanw\u00e4lte Grassner, Lenz, Thewanger &amp; Partner","isPartOf":{"@id":"https:\/\/www.gltp.at\/#website"},"primaryImageOfPage":{"@id":"https:\/\/www.gltp.at\/team\/lenz\/#primaryimage"},"image":{"@id":"https:\/\/www.gltp.at\/team\/lenz\/#primaryimage"},"thumbnailUrl":"https:\/\/www.gltp.at\/wp-content\/uploads\/2022\/12\/Dr_Lenz.jpg","datePublished":"2022-02-08T21:07:21+00:00","dateModified":"2024-01-08T18:13:51+00:00","description":"Dr. Helmut Lenz ist Rechtsanwalt und Partner bei Rechtsanw\u00e4lte Grassner, Lenz, Thewanger & Partner.","breadcrumb":{"@id":"https:\/\/www.gltp.at\/team\/lenz\/#breadcrumb"},"inLanguage":"en-GB","potentialAction":[{"@type":"ReadAction","target":["https:\/\/www.gltp.at\/team\/lenz\/"]}]},{"@type":"ImageObject","inLanguage":"en-GB","@id":"https:\/\/www.gltp.at\/team\/lenz\/#primaryimage","url":"https:\/\/www.gltp.at\/wp-content\/uploads\/2022\/12\/Dr_Lenz.jpg","contentUrl":"https:\/\/www.gltp.at\/wp-content\/uploads\/2022\/12\/Dr_Lenz.jpg"},{"@type":"BreadcrumbList","@id":"https:\/\/www.gltp.at\/team\/lenz\/#breadcrumb","itemListElement":[{"@type":"ListItem","position":1,"name":"Startseite","item":"https:\/\/www.gltp.at\/"},{"@type":"ListItem","position":2,"name":"Team","item":"https:\/\/www.gltp.at\/team\/"},{"@type":"ListItem","position":3,"name":"Lenz"}]},{"@type":"WebSite","@id":"https:\/\/www.gltp.at\/#website","url":"https:\/\/www.gltp.at\/","name":"GLTP Rechtsanw\u00e4lte Grassner, Lenz, Thewanger &amp; Partner","description":"Rechtsanw\u00e4lte | Attorneys at Law - Ihre Wirtschaftskanzlei in Linz und Steyr.","publisher":{"@id":"https:\/\/www.gltp.at\/#organization"},"potentialAction":[{"@type":"SearchAction","target":{"@type":"EntryPoint","urlTemplate":"https:\/\/www.gltp.at\/?s={search_term_string}"},"query-input":{"@type":"PropertyValueSpecification","valueRequired":true,"valueName":"search_term_string"}}],"inLanguage":"en-GB"},{"@type":"Organization","@id":"https:\/\/www.gltp.at\/#organization","name":"Rechtsanw\u00e4lte Grassner, Lenz, Thewanger & Partner","alternateName":"GLTP Rechtsanw\u00e4lte","url":"https:\/\/www.gltp.at\/","logo":{"@type":"ImageObject","inLanguage":"en-GB","@id":"https:\/\/www.gltp.at\/#\/schema\/logo\/image\/","url":"https:\/\/www.gltp.at\/wp-content\/uploads\/2022\/02\/cropped-cropped-GLTPLOGO.png","contentUrl":"https:\/\/www.gltp.at\/wp-content\/uploads\/2022\/02\/cropped-cropped-GLTPLOGO.png","width":1913,"height":265,"caption":"Rechtsanw\u00e4lte Grassner, Lenz, Thewanger & Partner"},"image":{"@id":"https:\/\/www.gltp.at\/#\/schema\/logo\/image\/"},"sameAs":["https:\/\/www.linkedin.com\/company\/rechtsanwlte-gltp\/"]}]}},"_links":{"self":[{"href":"https:\/\/www.gltp.at\/en\/wp-json\/wp\/v2\/pages\/3095","targetHints":{"allow":["GET"]}}],"collection":[{"href":"https:\/\/www.gltp.at\/en\/wp-json\/wp\/v2\/pages"}],"about":[{"href":"https:\/\/www.gltp.at\/en\/wp-json\/wp\/v2\/types\/page"}],"author":[{"embeddable":true,"href":"https:\/\/www.gltp.at\/en\/wp-json\/wp\/v2\/users\/1"}],"replies":[{"embeddable":true,"href":"https:\/\/www.gltp.at\/en\/wp-json\/wp\/v2\/comments?post=3095"}],"version-history":[{"count":90,"href":"https:\/\/www.gltp.at\/en\/wp-json\/wp\/v2\/pages\/3095\/revisions"}],"predecessor-version":[{"id":7523,"href":"https:\/\/www.gltp.at\/en\/wp-json\/wp\/v2\/pages\/3095\/revisions\/7523"}],"up":[{"embeddable":true,"href":"https:\/\/www.gltp.at\/en\/wp-json\/wp\/v2\/pages\/37"}],"wp:attachment":[{"href":"https:\/\/www.gltp.at\/en\/wp-json\/wp\/v2\/media?parent=3095"}],"curies":[{"name":"wp","href":"https:\/\/api.w.org\/{rel}","templated":true}]}}