{"id":7669,"date":"2024-06-17T21:20:14","date_gmt":"2024-06-17T20:20:14","guid":{"rendered":"https:\/\/www.gltp.at\/?page_id=7669"},"modified":"2024-12-07T10:16:32","modified_gmt":"2024-12-07T09:16:32","slug":"poetzl","status":"publish","type":"page","link":"https:\/\/www.gltp.at\/en\/team\/poetzl\/","title":{"rendered":"P\u00f6tzl"},"content":{"rendered":"<div data-elementor-type=\"wp-page\" data-elementor-id=\"7669\" class=\"elementor elementor-7669\" data-elementor-post-type=\"page\">\n\t\t\t\t\t\t<section class=\"elementor-section elementor-top-section elementor-element elementor-element-1d1f786 elementor-section-boxed elementor-section-height-default elementor-section-height-default\" data-id=\"1d1f786\" data-element_type=\"section\">\n\t\t\t\t\t\t<div class=\"elementor-container elementor-column-gap-default\">\n\t\t\t\t\t<div class=\"elementor-column elementor-col-100 elementor-top-column elementor-element elementor-element-46250f0\" data-id=\"46250f0\" data-element_type=\"column\">\n\t\t\t<div class=\"elementor-widget-wrap elementor-element-populated\">\n\t\t\t\t\t\t<div class=\"elementor-element elementor-element-8e5da7a elementor-widget elementor-widget-breadcrumbs\" data-id=\"8e5da7a\" data-element_type=\"widget\" data-widget_type=\"breadcrumbs.default\">\n\t\t\t\t<div class=\"elementor-widget-container\">\n\t\t\t\t\t<p id=\"breadcrumbs\"><span><span><a href=\"https:\/\/www.gltp.at\/en\/\">Home<\/a><\/span><\/span><\/p>\t\t\t\t<\/div>\n\t\t\t\t<\/div>\n\t\t\t\t\t<\/div>\n\t\t<\/div>\n\t\t\t\t\t<\/div>\n\t\t<\/section>\n\t\t\t\t<section class=\"elementor-section elementor-top-section elementor-element elementor-element-1754ab7 elementor-section-boxed elementor-section-height-default elementor-section-height-default\" data-id=\"1754ab7\" data-element_type=\"section\">\n\t\t\t\t\t\t<div class=\"elementor-container elementor-column-gap-default\">\n\t\t\t\t\t<div class=\"elementor-column elementor-col-100 elementor-top-column elementor-element elementor-element-a961fe4\" data-id=\"a961fe4\" data-element_type=\"column\">\n\t\t\t<div class=\"elementor-widget-wrap elementor-element-populated\">\n\t\t\t\t\t\t<div class=\"elementor-element elementor-element-054c077 elementor-widget elementor-widget-html\" data-id=\"054c077\" data-element_type=\"widget\" data-widget_type=\"html.default\">\n\t\t\t\t<div class=\"elementor-widget-container\">\n\t\t\t\t\t<script type=\"application\/ld+json\">\r\n{\r\n  \"@context\": \"http:\/\/schema.org\",\r\n  \"@type\": \"Person\",\r\n  \"name\": \"Mag.a Hanna P\u00f6tzl\",\r\n  \"jobTitle\": \"Rechtsanwaltsanw\u00e4rterin\",\r\n  \"url\": \"https:\/\/www.gltp.at\/team\/gattringer\/\",\r\n  \"image\": \"hhttps:\/\/www.gltp.at\/wp-content\/uploads\/2024\/06\/image0-scaled-e1718655796988.jpeg\",\r\n  \"telephone\": \"0043732770815\",\r\n  \"email\": \"office@gltp.at\"\r\n}\r\n<\/script>\t\t\t\t<\/div>\n\t\t\t\t<\/div>\n\t\t\t\t\t<\/div>\n\t\t<\/div>\n\t\t\t\t\t<\/div>\n\t\t<\/section>\n\t\t\t\t<section class=\"elementor-section elementor-top-section elementor-element elementor-element-8a46e73 elementor-reverse-mobile elementor-section-boxed elementor-section-height-default elementor-section-height-default\" data-id=\"8a46e73\" data-element_type=\"section\">\n\t\t\t\t\t\t<div class=\"elementor-container elementor-column-gap-default\">\n\t\t\t\t\t<div class=\"elementor-column elementor-col-100 elementor-top-column elementor-element elementor-element-9c6e8ef\" data-id=\"9c6e8ef\" data-element_type=\"column\">\n\t\t\t<div class=\"elementor-widget-wrap elementor-element-populated\">\n\t\t\t\t\t\t<div class=\"elementor-element elementor-element-fe00d1d elementor-widget__width-initial elementor-widget-mobile__width-inherit elementor-widget elementor-widget-heading\" data-id=\"fe00d1d\" data-element_type=\"widget\" data-widget_type=\"heading.default\">\n\t\t\t\t<div class=\"elementor-widget-container\">\n\t\t\t\t\t<h2 class=\"elementor-heading-title elementor-size-default\"><b>Mag.<sup>a<\/sup> Hanna P\u00f6tzl<\/b><\/h2>\t\t\t\t<\/div>\n\t\t\t\t<\/div>\n\t\t\t\t<div class=\"elementor-element elementor-element-ebdf091 elementor-widget elementor-widget-heading\" data-id=\"ebdf091\" data-element_type=\"widget\" data-widget_type=\"heading.default\">\n\t\t\t\t<div class=\"elementor-widget-container\">\n\t\t\t\t\t<h5 class=\"elementor-heading-title elementor-size-default\">Associate<\/h5>\t\t\t\t<\/div>\n\t\t\t\t<\/div>\n\t\t\t\t<div class=\"elementor-element elementor-element-44c4a2a elementor-widget__width-initial elementor-widget-mobile__width-inherit elementor-widget elementor-widget-toggle\" data-id=\"44c4a2a\" data-element_type=\"widget\" data-widget_type=\"toggle.default\">\n\t\t\t\t<div class=\"elementor-widget-container\">\n\t\t\t\t\t\t\t<div class=\"elementor-toggle\">\n\t\t\t\t\t\t\t<div class=\"elementor-toggle-item\">\n\t\t\t\t\t<div id=\"elementor-tab-title-7211\" class=\"elementor-tab-title\" data-tab=\"1\" role=\"button\" aria-controls=\"elementor-tab-content-7211\" aria-expanded=\"false\">\n\t\t\t\t\t\t\t\t\t\t\t\t<span class=\"elementor-toggle-icon elementor-toggle-icon-left\" aria-hidden=\"true\">\n\t\t\t\t\t\t\t\t\t\t\t\t\t\t\t<span class=\"elementor-toggle-icon-closed\"><svg class=\"e-font-icon-svg e-fas-caret-right\" viewbox=\"0 0 192 512\" xmlns=\"http:\/\/www.w3.org\/2000\/svg\"><path d=\"M0 384.662V127.338c0-17.818 21.543-26.741 34.142-14.142l128.662 128.662c7.81 7.81 7.81 20.474 0 28.284L34.142 398.804C21.543 411.404 0 402.48 0 384.662z\"><\/path><\/svg><\/span>\n\t\t\t\t\t\t\t\t<span class=\"elementor-toggle-icon-opened\"><svg class=\"elementor-toggle-icon-opened e-font-icon-svg e-fas-caret-down\" viewbox=\"0 0 320 512\" xmlns=\"http:\/\/www.w3.org\/2000\/svg\"><path d=\"M31.3 192h257.3c17.8 0 26.7 21.5 14.1 34.1L174.1 354.8c-7.8 7.8-20.5 7.8-28.3 0L17.2 226.1C4.6 213.5 13.5 192 31.3 192z\"><\/path><\/svg><\/span>\n\t\t\t\t\t\t\t\t\t\t\t\t\t<\/span>\n\t\t\t\t\t\t\t\t\t\t\t\t<a class=\"elementor-toggle-title\" tabindex=\"0\">Werdegang<\/a>\n\t\t\t\t\t<\/div>\n\n\t\t\t\t\t<div id=\"elementor-tab-content-7211\" class=\"elementor-tab-content elementor-clearfix\" data-tab=\"1\" role=\"region\" aria-labelledby=\"elementor-tab-title-7211\"><ul><li>geboren 2000<\/li><li>bei GLTP seit 2024<\/li><li>Magistra der Rechtswissenschaften, Universit\u00e4t Linz<\/li><\/ul><\/div>\n\t\t\t\t<\/div>\n\t\t\t\t\t\t\t<div class=\"elementor-toggle-item\">\n\t\t\t\t\t<div id=\"elementor-tab-title-7212\" class=\"elementor-tab-title\" data-tab=\"2\" role=\"button\" aria-controls=\"elementor-tab-content-7212\" aria-expanded=\"false\">\n\t\t\t\t\t\t\t\t\t\t\t\t<span class=\"elementor-toggle-icon elementor-toggle-icon-left\" aria-hidden=\"true\">\n\t\t\t\t\t\t\t\t\t\t\t\t\t\t\t<span class=\"elementor-toggle-icon-closed\"><svg class=\"e-font-icon-svg e-fas-caret-right\" viewbox=\"0 0 192 512\" xmlns=\"http:\/\/www.w3.org\/2000\/svg\"><path d=\"M0 384.662V127.338c0-17.818 21.543-26.741 34.142-14.142l128.662 128.662c7.81 7.81 7.81 20.474 0 28.284L34.142 398.804C21.543 411.404 0 402.48 0 384.662z\"><\/path><\/svg><\/span>\n\t\t\t\t\t\t\t\t<span class=\"elementor-toggle-icon-opened\"><svg class=\"elementor-toggle-icon-opened e-font-icon-svg e-fas-caret-down\" viewbox=\"0 0 320 512\" xmlns=\"http:\/\/www.w3.org\/2000\/svg\"><path d=\"M31.3 192h257.3c17.8 0 26.7 21.5 14.1 34.1L174.1 354.8c-7.8 7.8-20.5 7.8-28.3 0L17.2 226.1C4.6 213.5 13.5 192 31.3 192z\"><\/path><\/svg><\/span>\n\t\t\t\t\t\t\t\t\t\t\t\t\t<\/span>\n\t\t\t\t\t\t\t\t\t\t\t\t<a class=\"elementor-toggle-title\" tabindex=\"0\">Schwerpunkte<\/a>\n\t\t\t\t\t<\/div>\n\n\t\t\t\t\t<div id=\"elementor-tab-content-7212\" class=\"elementor-tab-content elementor-clearfix\" data-tab=\"2\" role=\"region\" aria-labelledby=\"elementor-tab-title-7212\"><ul><li>Schadenersatz und Gew\u00e4hrleistung<\/li><li>Contract Law | GTC<\/li><li>Debt Collection and Enforcement<\/li><li>Family, Marital and Inheritance Law<\/li><\/ul><\/div>\n\t\t\t\t<\/div>\n\t\t\t\t\t\t\t\t<\/div>\n\t\t\t\t\t\t<\/div>\n\t\t\t\t<\/div>\n\t\t\t\t<div class=\"elementor-element elementor-element-e5b6b49 elementor-widget__width-initial elementor-widget-mobile__width-inherit e-transform elementor-widget elementor-widget-image\" data-id=\"e5b6b49\" data-element_type=\"widget\" data-settings=\"{&quot;_transform_translateX_effect&quot;:{&quot;unit&quot;:&quot;px&quot;,&quot;size&quot;:8,&quot;sizes&quot;:[]},&quot;_transform_translateX_effect_mobile&quot;:{&quot;unit&quot;:&quot;px&quot;,&quot;size&quot;:0,&quot;sizes&quot;:[]},&quot;_transform_translateY_effect&quot;:{&quot;unit&quot;:&quot;px&quot;,&quot;size&quot;:-85,&quot;sizes&quot;:[]},&quot;_transform_translateY_effect_mobile&quot;:{&quot;unit&quot;:&quot;px&quot;,&quot;size&quot;:0,&quot;sizes&quot;:[]},&quot;_transform_translateX_effect_tablet&quot;:{&quot;unit&quot;:&quot;px&quot;,&quot;size&quot;:&quot;&quot;,&quot;sizes&quot;:[]},&quot;_transform_translateY_effect_tablet&quot;:{&quot;unit&quot;:&quot;px&quot;,&quot;size&quot;:&quot;&quot;,&quot;sizes&quot;:[]}}\" data-widget_type=\"image.default\">\n\t\t\t\t<div class=\"elementor-widget-container\">\n\t\t\t\t\t\t\t\t\t\t\t\t\t\t\t<img fetchpriority=\"high\" decoding=\"async\" width=\"1200\" height=\"1800\" src=\"https:\/\/www.gltp.at\/wp-content\/uploads\/2024\/12\/Hanna_Poetzl-scaled-e1733562140294.jpg\" class=\"attachment-full size-full wp-image-7736\" alt=\"Mag.a Hanna P\u00f6tzl ist Rechtsanwaltsanw\u00e4rterin in unserer Rechtsanwaltskanzlei in Linz\" \/>\t\t\t\t\t\t\t\t\t\t\t\t\t\t\t<\/div>\n\t\t\t\t<\/div>\n\t\t\t\t\t<\/div>\n\t\t<\/div>\n\t\t\t\t\t<\/div>\n\t\t<\/section>\n\t\t\t\t<section class=\"elementor-section elementor-top-section elementor-element elementor-element-27289ae elementor-section-boxed elementor-section-height-default elementor-section-height-default\" data-id=\"27289ae\" data-element_type=\"section\">\n\t\t\t\t\t\t<div class=\"elementor-container elementor-column-gap-default\">\n\t\t\t\t\t<div class=\"elementor-column elementor-col-100 elementor-top-column elementor-element elementor-element-2959d07\" data-id=\"2959d07\" data-element_type=\"column\">\n\t\t\t<div class=\"elementor-widget-wrap elementor-element-populated\">\n\t\t\t\t\t\t<div class=\"elementor-element elementor-element-288b1e0 elementor-hidden-mobile elementor-widget elementor-widget-spacer\" data-id=\"288b1e0\" data-element_type=\"widget\" data-widget_type=\"spacer.default\">\n\t\t\t\t<div class=\"elementor-widget-container\">\n\t\t\t\t\t\t\t<div class=\"elementor-spacer\">\n\t\t\t<div class=\"elementor-spacer-inner\"><\/div>\n\t\t<\/div>\n\t\t\t\t\t\t<\/div>\n\t\t\t\t<\/div>\n\t\t\t\t\t<\/div>\n\t\t<\/div>\n\t\t\t\t\t<\/div>\n\t\t<\/section>\n\t\t\t\t<\/div>","protected":false},"excerpt":{"rendered":"<p>Mag.a Hanna P\u00f6tzl Rechtsanwaltsanw\u00e4rterin Werdegang geboren 2000 bei GLTP seit 2024 Magistra der Rechtswissenschaften, Universit\u00e4t Linz Schwerpunkte Schadenersatz und Gew\u00e4hrleistung Vertragsrecht | AGB Forderungsmanagement | Exekutionen Familien-, Ehe- und Erbrecht<\/p>","protected":false},"author":1,"featured_media":0,"parent":37,"menu_order":0,"comment_status":"closed","ping_status":"closed","template":"","meta":{"site-sidebar-layout":"no-sidebar","site-content-layout":"page-builder","ast-site-content-layout":"full-width-container","site-content-style":"unboxed","site-sidebar-style":"unboxed","ast-global-header-display":"","ast-banner-title-visibility":"","ast-main-header-display":"","ast-hfb-above-header-display":"","ast-hfb-below-header-display":"","ast-hfb-mobile-header-display":"","site-post-title":"disabled","ast-breadcrumbs-content":"","ast-featured-img":"disabled","footer-sml-layout":"","theme-transparent-header-meta":"","adv-header-id-meta":"","stick-header-meta":"","header-above-stick-meta":"","header-main-stick-meta":"","header-below-stick-meta":"","astra-migrate-meta-layouts":"set","ast-page-background-enabled":"default","ast-page-background-meta":{"desktop":{"background-color":"var(--ast-global-color-4)","background-image":"","background-repeat":"repeat","background-position":"center center","background-size":"auto","background-attachment":"scroll","background-type":"","background-media":"","overlay-type":"","overlay-color":"","overlay-gradient":""},"tablet":{"background-color":"","background-image":"","background-repeat":"repeat","background-position":"center center","background-size":"auto","background-attachment":"scroll","background-type":"","background-media":"","overlay-type":"","overlay-color":"","overlay-gradient":""},"mobile":{"background-color":"","background-image":"","background-repeat":"repeat","background-position":"center center","background-size":"auto","background-attachment":"scroll","background-type":"","background-media":"","overlay-type":"","overlay-color":"","overlay-gradient":""}},"ast-content-background-meta":{"desktop":{"background-color":"var(--ast-global-color-5)","background-image":"","background-repeat":"repeat","background-position":"center center","background-size":"auto","background-attachment":"scroll","background-type":"","background-media":"","overlay-type":"","overlay-color":"","overlay-gradient":""},"tablet":{"background-color":"var(--ast-global-color-5)","background-image":"","background-repeat":"repeat","background-position":"center center","background-size":"auto","background-attachment":"scroll","background-type":"","background-media":"","overlay-type":"","overlay-color":"","overlay-gradient":""},"mobile":{"background-color":"var(--ast-global-color-5)","background-image":"","background-repeat":"repeat","background-position":"center center","background-size":"auto","background-attachment":"scroll","background-type":"","background-media":"","overlay-type":"","overlay-color":"","overlay-gradient":""}},"footnotes":""},"class_list":["post-7669","page","type-page","status-publish","hentry"],"yoast_head":"<!-- This site is optimized with the Yoast SEO plugin v27.1.1 - https:\/\/yoast.com\/product\/yoast-seo-wordpress\/ -->\n<title>P\u00f6tzl - GLTP Rechtsanw\u00e4lte Grassner, Lenz, Thewanger &amp; Partner<\/title>\n<meta name=\"robots\" content=\"index, follow, max-snippet:-1, max-image-preview:large, max-video-preview:-1\" \/>\n<link rel=\"canonical\" href=\"https:\/\/www.gltp.at\/en\/team\/poetzl\/\" \/>\n<meta property=\"og:locale\" content=\"en_GB\" \/>\n<meta property=\"og:type\" content=\"article\" \/>\n<meta property=\"og:title\" content=\"P\u00f6tzl - GLTP Rechtsanw\u00e4lte Grassner, Lenz, Thewanger &amp; Partner\" \/>\n<meta property=\"og:description\" content=\"Mag.a Hanna P\u00f6tzl Rechtsanwaltsanw\u00e4rterin Werdegang geboren 2000 bei GLTP seit 2024 Magistra der Rechtswissenschaften, Universit\u00e4t Linz Schwerpunkte Schadenersatz und Gew\u00e4hrleistung Vertragsrecht | AGB Forderungsmanagement | Exekutionen Familien-, Ehe- und Erbrecht\" \/>\n<meta property=\"og:url\" content=\"https:\/\/www.gltp.at\/en\/team\/poetzl\/\" \/>\n<meta property=\"og:site_name\" content=\"GLTP Rechtsanw\u00e4lte Grassner, Lenz, Thewanger &amp; Partner\" \/>\n<meta property=\"article:modified_time\" content=\"2024-12-07T09:16:32+00:00\" \/>\n<meta property=\"og:image\" content=\"https:\/\/www.gltp.at\/wp-content\/uploads\/2024\/12\/Hanna_Poetzl-scaled-e1733562140294.jpg\" \/>\n<meta name=\"twitter:card\" content=\"summary_large_image\" \/>\n<script type=\"application\/ld+json\" class=\"yoast-schema-graph\">{\"@context\":\"https:\/\/schema.org\",\"@graph\":[{\"@type\":\"WebPage\",\"@id\":\"https:\/\/www.gltp.at\/team\/poetzl\/\",\"url\":\"https:\/\/www.gltp.at\/team\/poetzl\/\",\"name\":\"P\u00f6tzl - GLTP Rechtsanw\u00e4lte Grassner, Lenz, Thewanger &amp; Partner\",\"isPartOf\":{\"@id\":\"https:\/\/www.gltp.at\/#website\"},\"primaryImageOfPage\":{\"@id\":\"https:\/\/www.gltp.at\/team\/poetzl\/#primaryimage\"},\"image\":{\"@id\":\"https:\/\/www.gltp.at\/team\/poetzl\/#primaryimage\"},\"thumbnailUrl\":\"https:\/\/www.gltp.at\/wp-content\/uploads\/2024\/12\/Hanna_Poetzl-scaled-e1733562140294.jpg\",\"datePublished\":\"2024-06-17T20:20:14+00:00\",\"dateModified\":\"2024-12-07T09:16:32+00:00\",\"breadcrumb\":{\"@id\":\"https:\/\/www.gltp.at\/team\/poetzl\/#breadcrumb\"},\"inLanguage\":\"en-GB\",\"potentialAction\":[{\"@type\":\"ReadAction\",\"target\":[\"https:\/\/www.gltp.at\/team\/poetzl\/\"]}]},{\"@type\":\"ImageObject\",\"inLanguage\":\"en-GB\",\"@id\":\"https:\/\/www.gltp.at\/team\/poetzl\/#primaryimage\",\"url\":\"https:\/\/www.gltp.at\/wp-content\/uploads\/2024\/12\/Hanna_Poetzl-scaled-e1733562140294.jpg\",\"contentUrl\":\"https:\/\/www.gltp.at\/wp-content\/uploads\/2024\/12\/Hanna_Poetzl-scaled-e1733562140294.jpg\"},{\"@type\":\"BreadcrumbList\",\"@id\":\"https:\/\/www.gltp.at\/team\/poetzl\/#breadcrumb\",\"itemListElement\":[{\"@type\":\"ListItem\",\"position\":1,\"name\":\"Startseite\",\"item\":\"https:\/\/www.gltp.at\/\"},{\"@type\":\"ListItem\",\"position\":2,\"name\":\"Team\",\"item\":\"https:\/\/www.gltp.at\/team\/\"},{\"@type\":\"ListItem\",\"position\":3,\"name\":\"P\u00f6tzl\"}]},{\"@type\":\"WebSite\",\"@id\":\"https:\/\/www.gltp.at\/#website\",\"url\":\"https:\/\/www.gltp.at\/\",\"name\":\"GLTP Rechtsanw\u00e4lte Grassner, Lenz, Thewanger &amp; Partner\",\"description\":\"Rechtsanw\u00e4lte | Attorneys at Law - Ihre Wirtschaftskanzlei in Linz und Steyr.\",\"publisher\":{\"@id\":\"https:\/\/www.gltp.at\/#organization\"},\"potentialAction\":[{\"@type\":\"SearchAction\",\"target\":{\"@type\":\"EntryPoint\",\"urlTemplate\":\"https:\/\/www.gltp.at\/?s={search_term_string}\"},\"query-input\":{\"@type\":\"PropertyValueSpecification\",\"valueRequired\":true,\"valueName\":\"search_term_string\"}}],\"inLanguage\":\"en-GB\"},{\"@type\":\"Organization\",\"@id\":\"https:\/\/www.gltp.at\/#organization\",\"name\":\"Rechtsanw\u00e4lte Grassner, Lenz, Thewanger & Partner\",\"alternateName\":\"GLTP Rechtsanw\u00e4lte\",\"url\":\"https:\/\/www.gltp.at\/\",\"logo\":{\"@type\":\"ImageObject\",\"inLanguage\":\"en-GB\",\"@id\":\"https:\/\/www.gltp.at\/#\/schema\/logo\/image\/\",\"url\":\"https:\/\/www.gltp.at\/wp-content\/uploads\/2022\/02\/cropped-cropped-GLTPLOGO.png\",\"contentUrl\":\"https:\/\/www.gltp.at\/wp-content\/uploads\/2022\/02\/cropped-cropped-GLTPLOGO.png\",\"width\":1913,\"height\":265,\"caption\":\"Rechtsanw\u00e4lte Grassner, Lenz, Thewanger & Partner\"},\"image\":{\"@id\":\"https:\/\/www.gltp.at\/#\/schema\/logo\/image\/\"},\"sameAs\":[\"https:\/\/www.linkedin.com\/company\/rechtsanwlte-gltp\/\"]}]}<\/script>\n<!-- \/ Yoast SEO plugin. -->","yoast_head_json":{"title":"P\u00f6tzl - GLTP Rechtsanw\u00e4lte Grassner, Lenz, Thewanger &amp; Partner","robots":{"index":"index","follow":"follow","max-snippet":"max-snippet:-1","max-image-preview":"max-image-preview:large","max-video-preview":"max-video-preview:-1"},"canonical":"https:\/\/www.gltp.at\/en\/team\/poetzl\/","og_locale":"en_GB","og_type":"article","og_title":"P\u00f6tzl - GLTP Rechtsanw\u00e4lte Grassner, Lenz, Thewanger &amp; Partner","og_description":"Mag.a Hanna P\u00f6tzl Rechtsanwaltsanw\u00e4rterin Werdegang geboren 2000 bei GLTP seit 2024 Magistra der Rechtswissenschaften, Universit\u00e4t Linz Schwerpunkte Schadenersatz und Gew\u00e4hrleistung Vertragsrecht | AGB Forderungsmanagement | Exekutionen Familien-, Ehe- und Erbrecht","og_url":"https:\/\/www.gltp.at\/en\/team\/poetzl\/","og_site_name":"GLTP Rechtsanw\u00e4lte Grassner, Lenz, Thewanger &amp; Partner","article_modified_time":"2024-12-07T09:16:32+00:00","og_image":[{"url":"https:\/\/www.gltp.at\/wp-content\/uploads\/2024\/12\/Hanna_Poetzl-scaled-e1733562140294.jpg","type":"","width":"","height":""}],"twitter_card":"summary_large_image","schema":{"@context":"https:\/\/schema.org","@graph":[{"@type":"WebPage","@id":"https:\/\/www.gltp.at\/team\/poetzl\/","url":"https:\/\/www.gltp.at\/team\/poetzl\/","name":"P\u00f6tzl - GLTP Rechtsanw\u00e4lte Grassner, Lenz, Thewanger &amp; Partner","isPartOf":{"@id":"https:\/\/www.gltp.at\/#website"},"primaryImageOfPage":{"@id":"https:\/\/www.gltp.at\/team\/poetzl\/#primaryimage"},"image":{"@id":"https:\/\/www.gltp.at\/team\/poetzl\/#primaryimage"},"thumbnailUrl":"https:\/\/www.gltp.at\/wp-content\/uploads\/2024\/12\/Hanna_Poetzl-scaled-e1733562140294.jpg","datePublished":"2024-06-17T20:20:14+00:00","dateModified":"2024-12-07T09:16:32+00:00","breadcrumb":{"@id":"https:\/\/www.gltp.at\/team\/poetzl\/#breadcrumb"},"inLanguage":"en-GB","potentialAction":[{"@type":"ReadAction","target":["https:\/\/www.gltp.at\/team\/poetzl\/"]}]},{"@type":"ImageObject","inLanguage":"en-GB","@id":"https:\/\/www.gltp.at\/team\/poetzl\/#primaryimage","url":"https:\/\/www.gltp.at\/wp-content\/uploads\/2024\/12\/Hanna_Poetzl-scaled-e1733562140294.jpg","contentUrl":"https:\/\/www.gltp.at\/wp-content\/uploads\/2024\/12\/Hanna_Poetzl-scaled-e1733562140294.jpg"},{"@type":"BreadcrumbList","@id":"https:\/\/www.gltp.at\/team\/poetzl\/#breadcrumb","itemListElement":[{"@type":"ListItem","position":1,"name":"Startseite","item":"https:\/\/www.gltp.at\/"},{"@type":"ListItem","position":2,"name":"Team","item":"https:\/\/www.gltp.at\/team\/"},{"@type":"ListItem","position":3,"name":"P\u00f6tzl"}]},{"@type":"WebSite","@id":"https:\/\/www.gltp.at\/#website","url":"https:\/\/www.gltp.at\/","name":"GLTP Rechtsanw\u00e4lte Grassner, Lenz, Thewanger &amp; Partner","description":"Rechtsanw\u00e4lte | Attorneys at Law - Ihre Wirtschaftskanzlei in Linz und Steyr.","publisher":{"@id":"https:\/\/www.gltp.at\/#organization"},"potentialAction":[{"@type":"SearchAction","target":{"@type":"EntryPoint","urlTemplate":"https:\/\/www.gltp.at\/?s={search_term_string}"},"query-input":{"@type":"PropertyValueSpecification","valueRequired":true,"valueName":"search_term_string"}}],"inLanguage":"en-GB"},{"@type":"Organization","@id":"https:\/\/www.gltp.at\/#organization","name":"Rechtsanw\u00e4lte Grassner, Lenz, Thewanger & Partner","alternateName":"GLTP Rechtsanw\u00e4lte","url":"https:\/\/www.gltp.at\/","logo":{"@type":"ImageObject","inLanguage":"en-GB","@id":"https:\/\/www.gltp.at\/#\/schema\/logo\/image\/","url":"https:\/\/www.gltp.at\/wp-content\/uploads\/2022\/02\/cropped-cropped-GLTPLOGO.png","contentUrl":"https:\/\/www.gltp.at\/wp-content\/uploads\/2022\/02\/cropped-cropped-GLTPLOGO.png","width":1913,"height":265,"caption":"Rechtsanw\u00e4lte Grassner, Lenz, Thewanger & Partner"},"image":{"@id":"https:\/\/www.gltp.at\/#\/schema\/logo\/image\/"},"sameAs":["https:\/\/www.linkedin.com\/company\/rechtsanwlte-gltp\/"]}]}},"_links":{"self":[{"href":"https:\/\/www.gltp.at\/en\/wp-json\/wp\/v2\/pages\/7669","targetHints":{"allow":["GET"]}}],"collection":[{"href":"https:\/\/www.gltp.at\/en\/wp-json\/wp\/v2\/pages"}],"about":[{"href":"https:\/\/www.gltp.at\/en\/wp-json\/wp\/v2\/types\/page"}],"author":[{"embeddable":true,"href":"https:\/\/www.gltp.at\/en\/wp-json\/wp\/v2\/users\/1"}],"replies":[{"embeddable":true,"href":"https:\/\/www.gltp.at\/en\/wp-json\/wp\/v2\/comments?post=7669"}],"version-history":[{"count":11,"href":"https:\/\/www.gltp.at\/en\/wp-json\/wp\/v2\/pages\/7669\/revisions"}],"predecessor-version":[{"id":7759,"href":"https:\/\/www.gltp.at\/en\/wp-json\/wp\/v2\/pages\/7669\/revisions\/7759"}],"up":[{"embeddable":true,"href":"https:\/\/www.gltp.at\/en\/wp-json\/wp\/v2\/pages\/37"}],"wp:attachment":[{"href":"https:\/\/www.gltp.at\/en\/wp-json\/wp\/v2\/media?parent=7669"}],"curies":[{"name":"wp","href":"https:\/\/api.w.org\/{rel}","templated":true}]}}